{"id":20387,"date":"2025-04-02T12:06:16","date_gmt":"2025-04-02T09:06:16","guid":{"rendered":"https:\/\/asm.vniiftri.ru\/?page_id=20387"},"modified":"2025-07-07T16:01:28","modified_gmt":"2025-07-07T13:01:28","slug":"%d1%80%d0%b0%d0%b7%d1%80%d0%b0%d0%b1%d0%be%d1%82%d0%ba%d0%b0-%d0%b8-%d0%b8%d1%81%d1%81%d0%bb%d0%b5%d0%b4%d0%be%d0%b2%d0%b0%d0%bd%d0%b8%d0%b5-%d0%b2%d1%8b%d1%81%d0%be%d0%ba%d0%be%d1%87%d1%83%d0%b2","status":"publish","type":"page","link":"https:\/\/asm.vniiftri.ru\/?page_id=20387","title":{"rendered":"\u0420\u0430\u0437\u0440\u0430\u0431\u043e\u0442\u043a\u0430 \u0438 \u0438\u0441\u0441\u043b\u0435\u0434\u043e\u0432\u0430\u043d\u0438\u0435 \u0432\u044b\u0441\u043e\u043a\u043e\u0447\u0443\u0432\u0441\u0442\u0432\u0438\u0442\u0435\u043b\u044c\u043d\u043e\u0433\u043e \u0446\u0435\u0437\u0438\u0435\u0432\u043e\u0433\u043e <i>M<sub>x<\/sub><\/i>-\u043c\u0430\u0433\u043d\u0438\u0442\u043e\u043c\u0435\u0442\u0440\u0430 \u0434\u043b\u044f \u0433\u0438\u0434\u0440\u043e\u043c\u0430\u0433\u043d\u0438\u0442\u043d\u044b\u0445 \u0438\u0441\u0441\u043b\u0435\u0434\u043e\u0432\u0430\u043d\u0438\u0439"},"content":{"rendered":"\n<h3>\u0410.\u041d. \u0428\u0435\u0432\u0447\u0435\u043d\u043a\u043e, \u041c.\u0410. \u0412\u043b\u0430\u0441\u043e\u0432\u0430<\/h3>\n\n\n\n<p>\u0410\u041e \u00ab\u041a\u043e\u043d\u0446\u0435\u0440\u043d \u201c\u0426\u041d\u0418\u0418 \u00ab\u042d\u043b\u0435\u043a\u0442\u0440\u043e\u043f\u0440\u0438\u0431\u043e\u0440\u00bb\u201d\u00bb, \u0421\u0430\u043d\u043a\u0442-\u041f\u0435\u0442\u0435\u0440\u0431\u0443\u0440\u0433, \u0420\u043e\u0441\u0441\u0438\u044f;<br>lab080ep@mail.ru<\/p>\n\n\n\n<p><a href=\"https:\/\/asm.vniiftri.ru\/?page_id=20172\">\u00ab\u0410\u043b\u044c\u043c\u0430\u043d\u0430\u0445 \u0441\u043e\u0432\u0440\u0435\u043c\u0435\u043d\u043d\u043e\u0439 \u043c\u0435\u0442\u0440\u043e\u043b\u043e\u0433\u0438\u0438\u00bb \u2116 1 (41) 2025<\/a>, \u0441\u0442\u0440. 130\u2013140<\/p>\n\n\n\n<p><strong>\u0423\u0414\u041a 621.317.4<\/strong><\/p>\n\n\n\n<p><em>\u0410\u043d\u043d\u043e\u0442\u0430\u0446\u0438\u044f. \u0412 \u0441\u0442\u0430\u0442\u044c\u0435 \u043f\u0440\u0435\u0434\u0441\u0442\u0430\u0432\u043b\u0435\u043d\u044b \u0440\u0435\u0437\u0443\u043b\u044c\u0442\u0430\u0442\u044b \u0440\u0430\u0437\u0440\u0430\u0431\u043e\u0442\u043a\u0438 \u0438 \u0438\u0441\u0441\u043b\u0435\u0434\u043e\u0432\u0430\u043d\u0438\u0439 \u0432\u044b\u00ad\u0441\u043e\u00ad\u043a\u043e\u00ad\u0447\u0443\u0432\u0441\u0442\u0432\u0438\u0442\u0435\u043b\u044c\u043d\u043e\u0433\u043e \u043a\u0432\u0430\u043d\u0442\u043e\u0432\u043e\u0433\u043e M<sub>x<\/sub>-\u043c\u0430\u0433\u043d\u0438\u0442\u043e\u043c\u0435\u0442\u0440\u0430 \u0441 \u043e\u043f\u0442\u0438\u0447\u0435\u0441\u043a\u043e\u0439 \u043d\u0430\u043a\u0430\u0447\u043a\u043e\u0439, \u043f\u0440\u0435\u0434\u00ad\u00ad\u043d\u0430\u00ad\u0437\u00ad\u043d\u0430\u0447\u0435\u043d\u043d\u043e\u0433\u043e \u0434\u043b\u044f \u0433\u0438\u0434\u0440\u043e\u043c\u0430\u0433\u043d\u0438\u0442\u043d\u044b\u0445 \u0438\u0441\u0441\u043b\u0435\u0434\u043e\u0432\u0430\u043d\u0438\u0439 \u043d\u0430 \u0431\u043e\u043b\u044c\u0448\u0438\u0445 \u0433\u043b\u0443\u0431\u0438\u043d\u0430\u0445 \u041c\u0438\u0440\u043e\u0432\u043e\u0433\u043e \u043e\u043a\u0435\u0430\u043d\u0430. \u041e\u043f\u0438\u0441\u0430\u043d\u044b \u043f\u0440\u0438\u043d\u0446\u0438\u043f\u044b \u0440\u0430\u0431\u043e\u0442\u044b \u043c\u0430\u0433\u043d\u0438\u0442\u043e\u043c\u0435\u0442\u0440\u0430, \u0432\u043a\u043b\u044e\u0447\u0430\u044f \u043e\u043f\u0442\u0438\u043c\u0438\u0437\u0430\u0446\u0438\u044e \u0430\u043c\u043f\u043b\u0438\u00ad\u0442\u0443\u0434\u044b \u0440\u0430\u00ad\u0434\u0438\u043e\u043f\u043e\u043b\u044f \u043f\u043e \u043a\u0440\u0443\u0442\u0438\u0437\u043d\u0435 \u0440\u0435\u0437\u043e\u043d\u0430\u043d\u0441\u0430, \u0447\u0442\u043e \u043f\u043e\u0437\u0432\u043e\u043b\u044f\u0435\u0442 \u043f\u043e\u0432\u044b\u0441\u0438\u0442\u044c \u0435\u0433\u043e \u0440\u0430\u0437\u0440\u0435\u0448\u0430\u00ad\u044e\u0449\u0443\u044e \u0441\u043f\u043e\u00ad\u0441\u043e\u0431\u043d\u043e\u0441\u0442\u044c. \u0420\u0435\u0437\u0443\u043b\u044c\u0442\u0430\u0442\u044b \u0441\u0440\u0430\u0432\u043d\u0435\u043d\u0438\u044f \u0441 \u0442\u0440\u0430\u0434\u0438\u0446\u0438\u043e\u043d\u043d\u044b\u043c\u0438 \u043c\u0435\u0442\u043e\u0434\u0430\u043c\u0438 \u043f\u043e\u0434\u00ad\u0442\u0432\u0435\u0440\u0436\u00ad\u0434\u0430\u00ad\u044e\u0442 \u043f\u0440\u0435\u0438\u043c\u0443\u0449\u0435\u0441\u0442\u0432\u0430 \u043d\u043e\u0432\u043e\u0433\u043e \u0443\u0441\u0442\u0440\u043e\u0439\u0441\u0442\u0432\u0430.<\/em><\/p>\n\n\n\n<p><em>\u041a\u043b\u044e\u0447\u0435\u0432\u044b\u0435 \u0441\u043b\u043e\u0432\u0430: \u043a\u0432\u0430\u043d\u0442\u043e\u0432\u044b\u0439 \u043c\u0430\u0433\u043d\u0438\u0442\u043e\u043c\u0435\u0442\u0440, \u043e\u043f\u0442\u0438\u0447\u0435\u0441\u043a\u0430\u044f \u043d\u0430\u043a\u0430\u0447\u043a\u0430, \u043c\u0430\u0433\u043d\u0438\u0442\u043d\u044b\u0439 \u0440\u0435\u0437\u043e\u00ad\u043d\u0430\u043d\u0441, \u043f\u043e\u0434\u0432\u043e\u0434\u043d\u044b\u0435 \u0438\u0441\u0441\u043b\u0435\u0434\u043e\u0432\u0430\u043d\u0438\u044f, \u0433\u0435\u043e\u0444\u0438\u0437\u0438\u043a\u0430, \u0446\u0435\u0437\u0438\u0439.<\/em><\/p>\n\n\n\n<h4>\u0426\u0438\u0442\u0438\u0440\u0443\u0435\u043c\u0430\u044f \u043b\u0438\u0442\u0435\u0440\u0430\u0442\u0443\u0440\u0430<\/h4>\n\n\n<p>1. \u0421\u0430\u0432\u0438\u0446\u043a\u0438\u0439 \u0410.\u0412. \u0438 \u0434\u0440. \u041f\u0435\u0440\u0441\u043f\u0435\u043a\u0442\u0438\u0432\u044b \u0433\u0435\u043e\u043b\u043e\u0433\u043e-\u0440\u0430\u0437\u0432\u0435\u0434\u043e\u0447\u043d\u044b\u0445 \u0440\u0430\u0431\u043e\u0442 \u0432 \u0433\u043b\u0443\u0431\u043e\u043a\u043e\u0432\u043e\u0434\u043d\u044b\u0445 \u043e\u0441\u0430\u00ad\u0434\u043e\u0447\u043d\u044b\u0445 \u0431\u0430\u0441\u0441\u0435\u0439\u043d\u0430\u0445 \u0411\u0435\u0440\u0438\u043d\u0433\u043e\u0432\u0430 \u043c\u043e\u0440\u044f \u0438 \u0422\u0438\u0445\u043e\u0433\u043e \u043e\u043a\u0435\u0430\u043d\u0430 \/\/ \u0413\u0435\u043e\u043b\u043e\u0433\u0438\u044f \u043d\u0435\u0444\u0442\u0438 \u0438 \u0433\u0430\u0437\u0430. \u2014 2016. \u2014 \u2116 5. \u2014 \u0421. 58\u201366.<\/p>\n<p>2. \u0421\u0430\u0431\u0430\u0440\u043e\u0432 \u0421.\u0421., \u0428\u043c\u0430\u043d\u043e\u0432\u0430 \u0412.\u0410., \u041a\u0438\u0440\u0438\u0447\u0435\u043d\u043a\u043e \u042e.\u0412. \u041e\u0431\u0437\u043e\u0440 \u0441\u043e\u0432\u0440\u0435\u043c\u0435\u043d\u043d\u043e\u0433\u043e \u0441\u043e\u0441\u0442\u043e\u044f\u043d\u0438\u044f \u0440\u0430\u0437\u0432\u0435\u0434\u043e\u0447\u043d\u044b\u0445 \u0440\u0430\u0431\u043e\u0442 \u043f\u0440\u0438 \u043e\u0441\u0432\u043e\u0435\u043d\u0438\u0438 \u0433\u043b\u0443\u0431\u043e\u043a\u043e\u0432\u043e\u0434\u043d\u044b\u0445 \u043c\u0435\u0441\u0442\u043e\u0440\u043e\u0436\u0434\u0435\u043d\u0438\u0439 \u0442\u0432\u0451\u0440\u0434\u044b\u0445 \u043f\u043e\u00ad\u043b\u0435\u0437\u00ad\u043d\u044b\u0445 \u0438\u0441\u043a\u043e\u043f\u0430\u0435\u043c\u044b\u0445 \u0438 \u043f\u0435\u0440\u0441\u043f\u0435\u043a\u0442\u0438\u0432\u044b \u0438\u0445 \u0440\u0430\u0437\u0432\u0438\u0442\u0438\u044f \/\/ \u0413\u043e\u0440\u043d\u044b\u0439 \u0438\u043d\u0444\u043e\u0440\u043c\u0430\u0446\u0438\u043e\u043d\u043d\u043e-\u0430\u043d\u0430\u043b\u0438\u00ad\u0442\u0438\u0447\u0435\u0441\u043a\u0438\u0439 \u0431\u044e\u043b\u043b\u0435\u0442\u0435\u043d\u044c (\u043d\u0430\u0443\u0447\u043d\u043e-\u0442\u0435\u0445\u043d\u0438\u0447\u0435\u0441\u043a\u0438\u0439 \u0436\u0443\u0440\u043d\u0430\u043b). \u2014 2018. \u2014 \u2116 S1. \u2014 \u0421. 46\u201351. \u2014 DOI: 10.25018\/0236-1493-2018-1-1-46-51.<\/p>\n<p>3. \u041b\u044b\u0433\u0438\u043d\u0430 \u0422.\u0418. \u0438 \u0434\u0440. \u041e\u0446\u0435\u043d\u043e\u0447\u043d\u0430\u044f \u0438 \u0440\u0430\u0437\u0432\u0435\u0434\u043e\u0447\u043d\u0430\u044f \u0441\u0442\u0430\u0434\u0438\u0438 \u0413\u0420\u0420 \u043d\u0430 \u0430\u0431\u0438\u0441\u0441\u0430\u043b\u044c\u043d\u044b\u0435 \u0436\u0435\u043b\u0435\u0437\u043e\u00ad\u043c\u0430\u0440\u0433\u0430\u043d\u0446\u0435\u0432\u044b\u0435 \u043a\u043e\u043d\u043a\u0440\u0435\u0446\u0438\u0438: \u043c\u0435\u0442\u043e\u0434\u0438\u043a\u0430 \u0438 \u0440\u0435\u0437\u0443\u043b\u044c\u0442\u0430\u0442\u044b \/\/ \u0421\u0431\u043e\u0440\u043d\u0438\u043a \u0442\u0435\u0437\u0438\u0441\u043e\u0432 \u0434\u043e\u043a\u043b\u0430\u0434\u043e\u0432 10-\u0439 \u041c\u0435\u0436\u0434\u0443\u043d\u0430\u0440\u043e\u0434\u043d\u043e\u0439 \u043a\u043e\u043d\u0444\u0435\u0440\u0435\u043d\u0446\u0438\u0438 \u00ab\u041f\u043e\u043b\u0435\u0437\u043d\u044b\u0435 \u0438\u0441\u043a\u043e\u043f\u0430\u0435\u043c\u044b\u0435 \u041c\u0438\u0440\u043e\u0432\u043e\u0433\u043e \u043e\u043a\u0435\u0430\u043d\u0430\u00bb, 20\u201322 \u0438\u044e\u043d\u044f 2023 \u0433\u043e\u0434\u0430. \u2014 \u0421\u041f\u0431.: \u0412\u041d\u0418\u0418\u041e\u043a\u0435\u0430\u043d\u0433\u0435\u043e\u043b\u043e\u0433\u0438\u044f, 2023. \u2014 \u0421. 112\u2013115.<\/p>\n<p>4. \u041f\u0435\u0448\u0435\u0445\u043e\u043d\u043e\u0432 \u0412.\u0413., \u0421\u043e\u043a\u043e\u043b\u043e\u0432 \u0410.\u0412., \u041a\u0440\u0430\u0441\u043d\u043e\u0432 \u0410.\u0410. \u0421\u043e\u0432\u0440\u0435\u043c\u0435\u043d\u043d\u043e\u0435 \u0441\u043e\u0441\u0442\u043e\u044f\u043d\u0438\u0435 \u0438 \u043f\u0435\u0440\u0441\u00ad\u043f\u0435\u043a\u00ad\u0442\u0438\u00ad\u0432\u044b \u0440\u0430\u0437\u0432\u0438\u0442\u0438\u044f \u043e\u0442\u0435\u0447\u0435\u0441\u0442\u0432\u0435\u043d\u043d\u043e\u0439 \u043c\u043e\u0440\u0441\u043a\u043e\u0439 \u0433\u0440\u0430\u0432\u0438\u043c\u0435\u0442\u0440\u0438\u0438 \/\/ \u041c\u0430\u0442\u0435\u0440\u0438\u0430\u043b\u044b \u043f\u043b\u0435\u043d\u0430\u0440\u043d\u044b\u0445 \u0437\u0430\u00ad\u0441\u0435\u00ad\u0434\u0430\u00ad\u043d\u0438\u0439 11-\u0439 \u0420\u043e\u0441\u0441\u0438\u0439\u0441\u043a\u043e\u0439 \u043c\u0443\u043b\u044c\u0442\u0438\u043a\u043e\u043d\u0444\u0435\u0440\u0435\u043d\u0446\u0438\u0438 \u043f\u043e \u043f\u0440\u043e\u0431\u043b\u0435\u043c\u0430\u043c \u0443\u043f\u0440\u0430\u0432\u043b\u0435\u043d\u0438\u044f. \u2014 \u0421\u041f\u0431.: \u0410\u041e \u00ab\u041a\u043e\u043d\u0446\u0435\u0440\u043d \u201c\u0426\u041d\u0418\u0418 \u00ab\u042d\u043b\u0435\u043a\u0442\u0440\u043e\u043f\u0440\u0438\u0431\u043e\u0440\u00bb\u201d\u00bb, 2018. \u2014 \u0421. 6\u201316.<\/p>\n<p>5. \u0421\u0430\u043f\u0443\u043d\u043e\u0432 \u0412.\u0410., \u041d\u0430\u0440\u0445\u043e\u0432 \u0415.\u0414., \u0414\u0435\u043d\u0438\u0441\u043e\u0432 \u0410.\u042e., \u0421\u0430\u0432\u0435\u043b\u044c\u0435\u0432 \u0414.\u0412., \u041c\u0443\u0440\u0430\u0432\u044c\u0451\u0432 \u041b.\u0410. \u0421\u043e\u0432\u00ad\u0440\u0435\u043c\u0435\u043d\u043d\u044b\u0435 \u043e\u0432\u0435\u0440\u0445\u0430\u0443\u0437\u0435\u0440\u043e\u0432\u0441\u043a\u0438\u0435 \u043c\u0430\u0433\u043d\u0438\u0442\u043e\u043c\u0435\u0442\u0440\u044b POS \u2014 \u043d\u0430\u0434\u0451\u0436\u043d\u044b\u0439 \u0438\u0441\u0442\u043e\u0447\u043d\u0438\u043a \u0434\u0430\u043d\u043d\u044b\u0445 \u0434\u043b\u044f \u0433\u0435\u043e\u043b\u043e\u0433\u0438\u0447\u0435\u0441\u043a\u043e\u0439 \u0438\u043d\u0442\u0435\u0440\u043f\u0440\u0435\u0442\u0430\u0446\u0438\u0438 \/\/ \u0412\u043e\u043f\u0440\u043e\u0441\u044b \u0442\u0435\u043e\u0440\u0438\u0438 \u0438 \u043f\u0440\u0430\u043a\u0442\u0438\u043a\u0438 \u0433\u0435\u043e\u043b\u043e\u0433\u0438\u0447\u0435\u0441\u043a\u043e\u0439 \u0438\u043d\u0442\u0435\u0440\u043f\u0440\u0435\u0442\u0430\u0446\u0438\u0438 \u0433\u0440\u0430\u0432\u0438\u0442\u0430\u0446\u0438\u043e\u043d\u043d\u044b\u0445, \u043c\u0430\u0433\u043d\u0438\u0442\u043d\u044b\u0445 \u0438 \u044d\u043b\u0435\u043a\u0442\u0440\u0438\u0447\u0435\u0441\u043a\u0438\u0445 \u043f\u043e\u043b\u0435\u0439: \u0441\u0431. \u043d\u0430\u0443\u0447. \u0442\u0440. \u2014 \u0412\u044b\u043f. 1 (46). \u2014 \u041f\u0435\u0440\u043c\u044c: \u0413\u0418 \u0423\u0440\u041e \u0420\u0410\u041d, \u041f\u0413\u041d\u0418\u0423, 2019. \u2014 C. 327\u2013332.<\/p>\n<p>6. \u041a\u043e\u0441\u0442\u0435\u043d\u043a\u043e \u0412.\u0412., \u041c\u043e\u043a\u0435\u0435\u0432\u0430 \u0418.\u0413., \u0422\u043e\u043b\u0441\u0442\u043e\u043d\u043e\u0433\u043e\u0432 \u0410.\u042e. \u0423\u043f\u0440\u0430\u0432\u043b\u0435\u043d\u0438\u0435 \u0434\u0432\u0438\u0436\u0435\u043d\u0438\u0435\u043c \u0410\u041d\u041f\u0410 \u043f\u0440\u0438 \u0431\u0443\u043a\u0441\u0438\u0440\u043e\u0432\u043a\u0435 \u043c\u0430\u0433\u043d\u0438\u0442\u043e\u043c\u0435\u0442\u0440\u0430 \/\/ \u0418\u0437\u0432\u0435\u0441\u0442\u0438\u044f \u042e\u0436\u043d\u043e\u0433\u043e \u0444\u0435\u0434\u0435\u0440\u0430\u043b\u044c\u043d\u043e\u0433\u043e \u0443\u043d\u0438\u0432\u0435\u0440\u0441\u0438\u0442\u0435\u0442\u0430. \u0422\u0435\u0445\u043d\u0438\u0447\u0435\u0441\u043a\u0438\u0435 \u043d\u0430\u0443\u043a\u0438. \u2014 2018. \u2014 \u2116 1 (195). \u2014 \u0421. 78\u201389. \u2014 DOI: 10.23683\/2311-3103-2018-1-78-89.<\/p>\n<p>7. \u0412\u0435\u0440\u0448\u043e\u0432\u0441\u043a\u0438\u0439 \u0410.\u041a., \u041f\u0430\u0437\u0433\u0430\u043b\u0435\u0432 \u0410.\u0421. \u041a\u0432\u0430\u043d\u0442\u043e\u0432\u044b\u0435 <em>M<sub>x<\/sub><\/em>-\u043c\u0430\u0433\u043d\u0438\u0442\u043e\u043c\u0435\u0442\u0440\u044b \u0441 \u043e\u043f\u0442\u0438\u0447\u0435\u0441\u043a\u043e\u0439 \u043d\u0430\u00ad\u043a\u0430\u0447\u00ad\u00ad\u043a\u043e\u0439: \u0446\u0438\u0444\u0440\u043e\u0432\u044b\u0435 \u0441\u043f\u043e\u0441\u043e\u0431\u044b \u0438\u0437\u043c\u0435\u0440\u0435\u043d\u0438\u044f \u0447\u0430\u0441\u0442\u043e\u0442\u044b <em>M<sub>x<\/sub><\/em>-\u0440\u0435\u0437\u043e\u043d\u0430\u043d\u0441\u0430 \u0432 \u0431\u044b\u0441\u0442\u0440\u043e \u043c\u0435\u043d\u044f\u00ad\u044e\u00ad\u0449\u0435\u043c\u0441\u044f \u043f\u043e\u043b\u0435 \/\/ \u0416\u0443\u0440\u043d\u0430\u043b \u0442\u0435\u0445\u043d\u0438\u0447\u0435\u0441\u043a\u043e\u0439 \u0444\u0438\u0437\u0438\u043a\u0438. \u2014 2006. \u2014 \u0422. 76. \u2014 \u2116 7. \u2014 \u0421. 108\u2013112.<\/p>\n<p>8. Vlasova M.A., Shevchenko A.N. Development of alkali vapor cell for miniature nuclear magnetic gyroscope \/\/ IOP Conference Series: Materials Science and Engineering. \u2014 V. 1215. \u2014 012013. \u2014 DOI: 10.1088\/1757-899X\/1215\/1\/012013.<\/p>\n<p>9. \u041c\u0430\u043b\u0435\u0435\u0432 \u041d.\u0410., \u0411\u043b\u043e\u0445\u0438\u043d \u0421.\u0410., \u0411\u043e\u0431\u0440\u043e\u0432 \u041c.\u0412., \u041a\u0443\u0437\u044c\u043c\u0435\u043d\u043a\u043e\u0432 \u0410.\u0413., \u041a\u0443\u043b\u0430\u0433\u0438\u043d\u0430 \u041c.\u041c., \u0423\u0441\u0442\u0438\u043d\u043e\u0432 \u0412.\u041c. \u0418\u0441\u0442\u043e\u0447\u043d\u0438\u043a \u043b\u0430\u0437\u0435\u0440\u043d\u043e\u0433\u043e \u0438\u0437\u043b\u0443\u0447\u0435\u043d\u0438\u044f \u0434\u043b\u044f \u043a\u043e\u043c\u043f\u0430\u043a\u0442\u043d\u043e\u0433\u043e \u0433\u0438\u0440\u043e\u0441\u043a\u043e\u043f\u0430 \u043d\u0430 \u044d\u0444\u00ad\u0444\u0435\u043a\u0442\u0435 \u044f\u0434\u0435\u0440\u043d\u043e\u0433\u043e \u043c\u0430\u0433\u043d\u0438\u0442\u043d\u043e\u0433\u043e \u0440\u0435\u0437\u043e\u043d\u0430\u043d\u0441\u0430 \/\/ \u0413\u0438\u0440\u043e\u0441\u043a\u043e\u043f\u0438\u044f \u0438 \u043d\u0430\u0432\u0438\u0433\u0430\u0446\u0438\u044f. \u2014 2018. \u2014 \u0422. 26. \u2014 \u2116 1 (100). \u2014 \u0421. 81\u201392. \u2014 DOI: 10.17285\/0869-7035.2018.26.1.081-092.<\/p>\n<p>10. \u0411\u0435\u0437\u043c\u0435\u043d \u0413.\u0412., \u0428\u0435\u0432\u0447\u0435\u043d\u043a\u043e \u0410.\u041d., \u041a\u043e\u0441\u0442\u0438\u043d \u041f.\u041d., \u0411\u0435\u0440\u0437\u0435\u0439\u0442\u0438\u0441 \u0410.\u041d., \u0411\u0435\u0437\u043c\u0435\u043d \u0412.\u0421., \u041f\u0435\u0442\u00ad\u0440\u043e\u0432 \u0412.\u0418. \u0421\u0438\u0441\u0442\u0435\u043c\u0430 \u0434\u0432\u0443\u0445\u0447\u0430\u0441\u0442\u043e\u0442\u043d\u043e\u0439 \u0433\u0435\u043d\u0435\u0440\u0430\u0446\u0438\u0438 \u0432 \u0441\u0445\u0435\u043c\u0435 \u0434\u0430\u0442\u0447\u0438\u043a\u0430 \u0443\u0433\u043b\u043e\u0432\u043e\u0439 \u0441\u043a\u043e\u0440\u043e\u0441\u0442\u0438 \/\/ \u0413\u0438\u0440\u043e\u00ad\u0441\u043a\u043e\u043f\u0438\u044f \u0438 \u043d\u0430\u0432\u0438\u0433\u0430\u0446\u0438\u044f. \u2014 2020. \u2014 \u0422. 28. \u2014 \u2116 1 (108). \u2014 \u0421. 19\u201330. \u2014 DOI: 10.17285\/0869-7035.0020.<\/p>\n<p>11. Bitter F. The optical detection of radiofrequency resonance \/\/ Physics Review. \u2014 1949. \u2014 V. 76. \u2014 \u2116 6. \u2014 P. 833\u2013835. \u2014 DOI: 10.1103\/PhysRev.76.833.<\/p>\n<p>12. Kastler A.J. Quelques suggestions concernant la production optique et la d\u00e9tection optique d&#8217;une in\u00e9galit\u00e9 de population des niveaux de quantifigation spatiale des atomes. Application \u00e0 l\u2019exp\u00e9rience de Stern et Gerlach et \u00e0 la r\u00e9sonance magn\u00e9tique \/\/ Jour\u00adnal de Physique et Le Radium. \u2014 1950. \u2014 V. 11. \u2014 \u2116 6. \u2014 P. 255. \u2014 DOI: 10.1051\/jphysrad:01950001106025500.<\/p>\n<p>13. \u0412\u0435\u0440\u0448\u043e\u0432\u0441\u043a\u0438\u0439 \u0410.\u041a., \u041f\u0430\u0437\u0433\u0430\u043b\u0435\u0432 \u0410.\u0421. \u041e\u043f\u0442\u0438\u043c\u0438\u0437\u0430\u0446\u0438\u044f \u0444\u0430\u043a\u0442\u043e\u0440\u0430 \u043a\u0430\u0447\u0435\u0441\u0442\u0432\u0430 \u043c\u0430\u0433\u043d\u0438\u0442\u043d\u043e\u0433\u043e <em>M<sub>x<\/sub><\/em>-\u0440\u0435\u0437\u043e\u043d\u0430\u043d\u0441\u0430 \u0432 \u0443\u0441\u043b\u043e\u0432\u0438\u044f\u0445 \u043e\u043f\u0442\u0438\u0447\u0435\u0441\u043a\u043e\u0439 \u043d\u0430\u043a\u0430\u0447\u043a\u0438 \/\/ \u0416\u0443\u0440\u043d\u0430\u043b \u0442\u0435\u0445\u043d\u0438\u0447\u0435\u0441\u043a\u043e\u0439 \u0444\u0438\u0437\u0438\u043a\u0438. \u2014 \u0422. 78. \u2014 \u2116 5. \u2014 \u0421. 116\u2013124.<\/p>\n\n\n<p><em>\u0421\u0442\u0430\u0442\u044c\u044f \u043f\u043e\u0441\u0442\u0443\u043f\u0438\u043b\u0430 \u0432 \u0440\u0435\u0434\u0430\u043a\u0446\u0438\u044e: 09.01.2025 \u0433.<\/em><br><em>\u0421\u0442\u0430\u0442\u044c\u044f \u043f\u0440\u043e\u0448\u043b\u0430 \u0440\u0435\u0446\u0435\u043d\u0437\u0438\u0440\u043e\u0432\u0430\u043d\u0438\u0435: 13.01.2025 \u0433.<\/em><br><em>\u0421\u0442\u0430\u0442\u044c\u044f \u043f\u0440\u0438\u043d\u044f\u0442\u0430 \u0432 \u0440\u0430\u0431\u043e\u0442\u0443: 24.02.2025 \u0433.<\/em><\/p>\n\n\n<p><strong>\u0421\u0442\u0430\u0442\u044c\u044f \u0432 \u043f\u043e\u043b\u043d\u043e\u043c \u043e\u0431\u044a\u0435\u043c\u0435 \u0432 \u041d\u0430\u0443\u0447\u043d\u043e\u0439 \u044d\u043b\u0435\u043a\u0442\u0440\u043e\u043d\u043d\u043e\u0439 \u0431\u0438\u0431\u043b\u0438\u043e\u0442\u0435\u043a\u0435\u00a0<a href=\"https:\/\/www.elibrary.ru\/item.asp?id=82429973\">eLIBRARY<\/a>.<br data-rich-text-line-break=\"true\" \/>\u041e\u0444\u043e\u0440\u043c\u0438\u0442\u044c \u043f\u043e\u0434\u043f\u0438\u0441\u043a\u0443 \u0438 \u043a\u0443\u043f\u0438\u0442\u044c\u00a0<a href=\"https:\/\/asm.vniiftri.ru\/?page_id=38\">\u043f\u0435\u0447\u0430\u0442\u043d\u044b\u0435 \u043d\u043e\u043c\u0435\u0440\u0430\u00a0\u0436\u0443\u0440\u043d\u0430\u043b\u0430<\/a>\u00a0\u0443 \u0438\u0437\u0434\u0430\u0442\u0435\u043b\u044f.<\/strong><\/p>\n\n\n<p><a href=\"https:\/\/asm.vniiftri.ru\/?page_id=20371\">\u041f\u0440\u0435\u0434\u044b\u0434\u0443\u0449\u0430\u044f \u0441\u0442\u0430\u0442\u044c\u044f<\/a>&nbsp;\u2026\u2026.&nbsp;<a href=\"https:\/\/asm.vniiftri.ru\/?page_id=20172\">\u0421\u043e\u0434\u0435\u0440\u0436\u0430\u043d\u0438\u0435<\/a>&nbsp;\u2026\u2026. <a href=\"https:\/\/asm.vniiftri.ru\/?page_id=20408\">\u0421\u043b\u0435\u0434\u0443\u044e\u0449\u0430\u044f \u0441\u0442\u0430\u0442\u044c\u044f<\/a><\/p>\n","protected":false},"excerpt":{"rendered":"<p>\u0410.\u041d. \u0428\u0435\u0432\u0447\u0435\u043d\u043a\u043e, \u041c.\u0410. \u0412\u043b\u0430\u0441\u043e\u0432\u0430 \u0410\u041e \u00ab\u041a\u043e\u043d\u0446\u0435\u0440\u043d \u201c\u0426\u041d\u0418\u0418 \u00ab\u042d\u043b\u0435\u043a\u0442\u0440\u043e\u043f\u0440\u0438\u0431\u043e\u0440\u00bb\u201d\u00bb, \u0421\u0430\u043d\u043a\u0442-\u041f\u0435\u0442\u0435\u0440\u0431\u0443\u0440\u0433, \u0420\u043e\u0441\u0441\u0438\u044f;lab080ep@mail.ru \u00ab\u0410\u043b\u044c\u043c\u0430\u043d\u0430\u0445 \u0441\u043e\u0432\u0440\u0435\u043c\u0435\u043d\u043d\u043e\u0439 \u043c\u0435\u0442\u0440\u043e\u043b\u043e\u0433\u0438\u0438\u00bb \u2116 1 (41) 2025, \u0441\u0442\u0440. 130\u2013140 \u0423\u0414\u041a 621.317.4 \u0410\u043d\u043d\u043e\u0442\u0430\u0446\u0438\u044f. \u0412 \u0441\u0442\u0430\u0442\u044c\u0435 \u043f\u0440\u0435\u0434\u0441\u0442\u0430\u0432\u043b\u0435\u043d\u044b \u0440\u0435\u0437\u0443\u043b\u044c\u0442\u0430\u0442\u044b \u0440\u0430\u0437\u0440\u0430\u0431\u043e\u0442\u043a\u0438 \u0438 \u0438\u0441\u0441\u043b\u0435\u0434\u043e\u0432\u0430\u043d\u0438\u0439 \u0432\u044b\u00ad\u0441\u043e\u00ad\u043a\u043e\u00ad\u0447\u0443\u0432\u0441\u0442\u0432\u0438\u0442\u0435\u043b\u044c\u043d\u043e\u0433\u043e \u043a\u0432\u0430\u043d\u0442\u043e\u0432\u043e\u0433\u043e Mx-\u043c\u0430\u0433\u043d\u0438\u0442\u043e\u043c\u0435\u0442\u0440\u0430 \u0441 \u043e\u043f\u0442\u0438\u0447\u0435\u0441\u043a\u043e\u0439 \u043d\u0430\u043a\u0430\u0447\u043a\u043e\u0439, \u043f\u0440\u0435\u0434\u00ad\u00ad\u043d\u0430\u00ad\u0437\u00ad\u043d\u0430\u0447\u0435\u043d\u043d\u043e\u0433\u043e \u0434\u043b\u044f \u0433\u0438\u0434\u0440\u043e\u043c\u0430\u0433\u043d\u0438\u0442\u043d\u044b\u0445 \u0438\u0441\u0441\u043b\u0435\u0434\u043e\u0432\u0430\u043d\u0438\u0439 \u043d\u0430 \u0431\u043e\u043b\u044c\u0448\u0438\u0445 \u0433\u043b\u0443\u0431\u0438\u043d\u0430\u0445 \u041c\u0438\u0440\u043e\u0432\u043e\u0433\u043e \u043e\u043a\u0435\u0430\u043d\u0430. \u041e\u043f\u0438\u0441\u0430\u043d\u044b \u043f\u0440\u0438\u043d\u0446\u0438\u043f\u044b \u0440\u0430\u0431\u043e\u0442\u044b \u043c\u0430\u0433\u043d\u0438\u0442\u043e\u043c\u0435\u0442\u0440\u0430, \u0432\u043a\u043b\u044e\u0447\u0430\u044f \u043e\u043f\u0442\u0438\u043c\u0438\u0437\u0430\u0446\u0438\u044e \u0430\u043c\u043f\u043b\u0438\u00ad\u0442\u0443\u0434\u044b \u0440\u0430\u00ad\u0434\u0438\u043e\u043f\u043e\u043b\u044f \u043f\u043e \u043a\u0440\u0443\u0442\u0438\u0437\u043d\u0435 \u0440\u0435\u0437\u043e\u043d\u0430\u043d\u0441\u0430, [&hellip;]<\/p>\n","protected":false},"author":4,"featured_media":0,"parent":20172,"menu_order":0,"comment_status":"closed","ping_status":"closed","template":"","meta":[],"_links":{"self":[{"href":"https:\/\/asm.vniiftri.ru\/index.php?rest_route=\/wp\/v2\/pages\/20387"}],"collection":[{"href":"https:\/\/asm.vniiftri.ru\/index.php?rest_route=\/wp\/v2\/pages"}],"about":[{"href":"https:\/\/asm.vniiftri.ru\/index.php?rest_route=\/wp\/v2\/types\/page"}],"author":[{"embeddable":true,"href":"https:\/\/asm.vniiftri.ru\/index.php?rest_route=\/wp\/v2\/users\/4"}],"replies":[{"embeddable":true,"href":"https:\/\/asm.vniiftri.ru\/index.php?rest_route=%2Fwp%2Fv2%2Fcomments&post=20387"}],"version-history":[{"count":19,"href":"https:\/\/asm.vniiftri.ru\/index.php?rest_route=\/wp\/v2\/pages\/20387\/revisions"}],"predecessor-version":[{"id":21203,"href":"https:\/\/asm.vniiftri.ru\/index.php?rest_route=\/wp\/v2\/pages\/20387\/revisions\/21203"}],"up":[{"embeddable":true,"href":"https:\/\/asm.vniiftri.ru\/index.php?rest_route=\/wp\/v2\/pages\/20172"}],"wp:attachment":[{"href":"https:\/\/asm.vniiftri.ru\/index.php?rest_route=%2Fwp%2Fv2%2Fmedia&parent=20387"}],"curies":[{"name":"wp","href":"https:\/\/api.w.org\/{rel}","templated":true}]}}