{"id":4077,"date":"2020-02-03T08:41:19","date_gmt":"2020-02-03T05:41:19","guid":{"rendered":"http:\/\/asm.vniiftri.ru\/?page_id=4077"},"modified":"2022-07-04T15:58:18","modified_gmt":"2022-07-04T12:58:18","slug":"%d1%81%d0%be%d0%b2%d1%80%d0%b5%d0%bc%d0%b5%d0%bd%d0%bd%d1%8b%d0%b5-%d1%82%d0%b5%d0%bd%d0%b4%d0%b5%d0%bd%d1%86%d0%b8%d0%b8-%d1%80%d0%b0%d0%b7%d0%b2%d0%b8%d1%82%d0%b8%d1%8f-%d1%81%d1%80%d0%b5%d0%b4","status":"publish","type":"page","link":"https:\/\/asm.vniiftri.ru\/?page_id=4077","title":{"rendered":"\u0421\u043e\u0432\u0440\u0435\u043c\u0435\u043d\u043d\u044b\u0435 \u0442\u0435\u043d\u0434\u0435\u043d\u0446\u0438\u0438 \u0440\u0430\u0437\u0432\u0438\u0442\u0438\u044f \u0441\u0440\u0435\u0434\u0441\u0442\u0432 \u043e\u043f\u0440\u0435\u0434\u0435\u043b\u0435\u043d\u0438\u044f \u0438 \u043f\u0440\u043e\u0433\u043d\u043e\u0437\u0438\u0440\u043e\u0432\u0430\u043d\u0438\u044f \u041f\u0412\u0417"},"content":{"rendered":"\n<h3>\u0421.\u041b. \u041f\u0430\u0441\u044b\u043d\u043e\u043a<\/h3>\n\n\n\n<p>\u0424\u0413\u0423\u041f \u00ab\u0412\u041d\u0418\u0418\u0424\u0422\u0420\u0418\u00bb, \u041c\u0435\u043d\u0434\u0435\u043b\u0435\u0435\u0432\u043e, \u041c\u043e\u0441\u043a\u043e\u0432\u0441\u043a\u0430\u044f \u043e\u0431\u043b.<br>pasynok@vniiftri.ru<\/p>\n\n\n\n<p><a href=\"https:\/\/asm.vniiftri.ru\/?page_id=4024\">\u00ab\u0410\u043b\u044c\u043c\u0430\u043d\u0430\u0445 \u0441\u043e\u0432\u0440\u0435\u043c\u0435\u043d\u043d\u043e\u0439 \u043c\u0435\u0442\u0440\u043e\u043b\u043e\u0433\u0438\u0438\u00bb \u2116 1 (21) 2020<\/a>, \u0441\u0442\u0440. 101\u2013115<\/p>\n\n\n<p><a href=\"https:\/\/asm.vniiftri.ru\/wp-content\/uploads\/2022\/05\/\u0410\u043b\u044c\u043c\u0430\u043d\u0430\u0445-\u0441\u043e\u0432\u0440\u0435\u043c\u0435\u043d\u043d\u043e\u0438\u0306-\u043c\u0435\u0442\u0440\u043e\u043b\u043e\u0433\u0438\u0438-\u2116-1-2020-\u0441\u0442\u0440-101\u2013115.pdf\">\u0421\u0442\u0430\u0442\u044c\u044f \u0432 \u043f\u043e\u043b\u043d\u043e\u043c \u043e\u0431\u044a\u0435\u043c\u0435 (PDF)<\/a><\/p>\n\n\n<p><strong>\u0423\u0414\u041a 521.3 + 521.92&nbsp;<\/strong><\/p>\n\n\n\n<p><strong>\u0412 \u0420\u043e\u0441\u0441\u0438\u0438 \u043e\u0431\u044f\u0437\u0430\u043d\u043d\u043e\u0441\u0442\u044c \u043f\u043e \u0444\u043e\u0440\u043c\u0438\u0440\u043e\u0432\u0430\u043d\u0438\u044e \u0438 \u0432\u044b\u0434\u0430\u0447\u0435 (\u043e\u043f\u043e\u0440\u043d\u044b\u0445) \u0434\u0430\u043d\u043d\u044b\u0445 \u043e \u043f\u0430\u0440\u0430\u043c\u0435\u0442\u0440\u0430\u0445 \u0432\u0440\u0430\u0449\u0435\u043d\u0438\u044f \u0417\u0435\u043c\u043b\u0438, \u0441\u043e\u0433\u043b\u0430\u0441\u043d\u043e \u041f\u043e\u0441\u0442\u0430\u043d\u043e\u0432\u043b\u0435\u043d\u0438\u044f\u043c \u041f\u0440\u0430\u0432\u0438\u0442\u0435\u043b\u044c\u0441\u0442\u0432\u0430 \u0420\u0424 \u2116 225 \u0438 323, \u0432\u043e\u0437\u043b\u043e\u0436\u0435\u043d\u0430 \u043d\u0430 \u0413\u043b\u0430\u0432\u043d\u044b\u0439 \u043c\u0435\u0442\u0440\u043e\u043b\u043e\u0433\u0438\u0447\u0435\u0441\u043a\u0438\u0439 \u0446\u0435\u043d\u0442\u0440 \u0413\u043e\u0441\u0443\u0434\u0430\u0440\u0441\u0442\u0432\u0435\u043d\u043d\u043e\u0439 \u0441\u043b\u0443\u0436\u0431\u044b \u0432\u0440\u0435\u043c\u0435\u043d\u0438, \u0447\u0430\u0441\u0442\u043e\u0442\u044b \u0438 \u043e\u043f\u0440\u0435\u0434\u0435\u043b\u0435\u043d\u0438\u044f \u043f\u0430\u0440\u0430\u043c\u0435\u0442\u0440\u043e\u0432 \u0432\u0440\u0430\u0449\u0435\u043d\u0438\u044f \u0417\u0435\u043c\u043b\u0438 (\u0413\u041c\u0426 \u0413\u0421\u0412\u0427). \u0414\u0430\u043d\u043d\u044b\u0435 \u043e \u041f\u0412\u0417 \u043e\u043f\u0440\u0435\u0434\u0435\u043b\u044f\u044e\u0442\u0441\u044f \u043f\u0443\u0442\u0451\u043c \u0441\u043e\u0432\u043c\u0435\u0441\u0442\u043d\u043e\u0439 \u043e\u0431\u0440\u0430\u0431\u043e\u0442\u043a\u0438 (\u043a\u043e\u043c\u0431\u0438\u043d\u0438\u0440\u043e\u0432\u0430\u043d\u0438\u044f) \u0440\u0435\u0437\u0443\u043b\u044c\u0442\u0430\u0442\u043e\u0432 \u0438\u0437\u043c\u0435\u0440\u0435\u043d\u0438\u0439 \u0440\u0430\u0437\u043b\u0438\u0447\u043d\u044b\u0445 \u0432\u0438\u0434\u043e\u0432: \u0413\u041d\u0421\u0421, \u0420\u0421\u0414\u0411, \u0421\u041b\u0414. \u0414\u043b\u044f \u043e\u0431\u0435\u0441\u043f\u0435\u0447\u0435\u043d\u0438\u044f \u043d\u0435\u043f\u0440\u0435\u0440\u044b\u0432\u043d\u043e \u0440\u0430\u0441\u0442\u0443\u0449\u0438\u0445 \u0442\u0440\u0435\u0431\u043e\u0432\u0430\u043d\u0438\u0439 \u043a \u0442\u043e\u0447\u043d\u043e\u0441\u0442\u0438 \u043e\u043f\u0440\u0435\u0434\u0435\u043b\u0435\u043d\u0438\u044f \u041f\u0412\u0417 \u0441\u0440\u0435\u0434\u0441\u0442\u0432\u0430 \u0438\u0437\u043c\u0435\u0440\u0435\u043d\u0438\u0439 \u0432\u0441\u0435\u0445 \u044d\u0442\u0438\u0445 \u0432\u0438\u0434\u043e\u0432, \u043a\u0430\u043a \u0438 \u0441\u0440\u0435\u0434\u0441\u0442\u0432\u0430 \u043e\u0431\u0440\u0430\u0431\u043e\u0442\u043a\u0438 \u0438 \u0430\u043d\u0430\u043b\u0438\u0437\u0430 \u0434\u0430\u043d\u043d\u044b\u0445 \u0438\u0437\u043c\u0435\u0440\u0435\u043d\u0438\u0439, \u043d\u0435\u043f\u0440\u0435\u0440\u044b\u0432\u043d\u043e \u0441\u043e\u0432\u0435\u0440\u0448\u0435\u043d\u0441\u0442\u0432\u0443\u044e\u0442\u0441\u044f. \u0412 \u0441\u0442\u0430\u0442\u044c\u0435 \u043a\u0440\u0430\u0442\u043a\u043e \u0440\u0430\u0441\u0441\u043c\u043e\u0442\u0440\u0435\u043d\u044b \u0441\u043e\u0432\u0440\u0435\u043c\u0435\u043d\u043d\u044b\u0435 \u0442\u0435\u043d\u0434\u0435\u043d\u0446\u0438\u0438 \u0440\u0430\u0437\u0432\u0438\u0442\u0438\u044f \u043c\u0435\u0436\u0434\u0443\u043d\u0430\u0440\u043e\u0434\u043d\u044b\u0445 \u0441\u0440\u0435\u0434\u0441\u0442\u0432 \u043e\u043f\u0440\u0435\u0434\u0435\u043b\u0435\u043d\u0438\u044f \u0438 \u043f\u0440\u043e\u0433\u043d\u043e\u0437\u0438\u0440\u043e\u0432\u0430\u043d\u0438\u044f \u041f\u0412\u0417, \u0430 \u0442\u0430\u043a\u0436\u0435 \u0440\u0430\u0437\u0432\u0438\u0442\u0438\u0435 \u0441\u0440\u0435\u0434\u0441\u0442\u0432 \u043e\u043f\u0440\u0435\u0434\u0435\u043b\u0435\u043d\u0438\u044f \u0438 \u043f\u0440\u043e\u0433\u043d\u043e\u0437\u0438\u0440\u043e\u0432\u0430\u043d\u0438\u044f \u041f\u0412\u0417 \u0424\u0413\u0423\u041f \u00ab\u0412\u041d\u0418\u0418\u0424\u0422\u0420\u0418\u00bb \u0441 \u0442\u043e\u0447\u043a\u0438 \u0437\u0440\u0435\u043d\u0438\u044f \u043c\u0435\u0436\u0434\u0443\u043d\u0430\u0440\u043e\u0434\u043d\u044b\u0445 \u0442\u0435\u043d\u0434\u0435\u043d\u0446\u0438\u0439 \u0440\u0430\u0437\u0432\u0438\u0442\u0438\u044f \u044d\u0442\u0438\u0445 \u0441\u0440\u0435\u0434\u0441\u0442\u0432.<\/strong><\/p>\n\n\n\n<p><strong>\u041a\u043b\u044e\u0447\u0435\u0432\u044b\u0435 \u0441\u043b\u043e\u0432\u0430: \u043a\u043e\u043c\u0431\u0438\u043d\u0438\u0440\u043e\u0432\u0430\u043d\u0438\u0435, \u043f\u0430\u0440\u0430\u043c\u0435\u0442\u0440\u044b \u0432\u0440\u0430\u0449\u0435\u043d\u0438\u044f \u0417\u0435\u043c\u043b\u0438, \u0413\u041d\u0421\u0421, \u0420\u0421\u0414\u0411, \u0421\u041b\u0414.<\/strong><\/p>\n\n\n\n<h4>\u0426\u0438\u0442\u0438\u0440\u0443\u0435\u043c\u0430\u044f \u043b\u0438\u0442\u0435\u0440\u0430\u0442\u0443\u0440\u0430<\/h4>\n\n\n<p>1. Petrachenko B., Niell A., Behrend D., Corey B., B\u00f6hm J., Charlot P., Collioud A., Gipson J., Haas R., Hobiger T., Koyama Y., MacMillan D., Nilsson T., Pany A., Tuccari G., Whitney A., Wresnik J. Design Aspects of the VLBI2010System. Progress Report of the VLBI2010 Committee. NASA Technical Memorandum, NASA\/TM-2009-214180. June 2009. 58 p.<\/p>\n<p>2. Degnan J., McGarry J., Zagwodzki T., Titterton P., Sweeney H., Donovan H., Perry M., Conklin B., Decker W., Cheek J., Mallama A., Dunn P., Ricklefs R.(1996) SLR2000 : An Inexpensive, Fully Automated, Eyesafe Satellite LaserRanging System, Proceedings of the 10th International Workshop on LaserRanging Instrumentation, Shanghai \u2013 China. 367\u2013377.<\/p>\n<p>3. GGOS Requirements for Core Sites, Global Geodetic Observing System (GGOS), (Revision 2) Draft 3.4, 2015, [Electronic resource]. URL: https:\/\/cddis.nasa.gov\/docs\/2015\/SiteRecDoc_Rev2_D3.4.pdf. \u0414\u0430\u0442\u0430 \u043e\u0431\u0440\u0430\u0449\u0435\u043d\u0438\u044f: 16.08.19.<\/p>\n<p>4. Gipson J. IVS Working Group 4 on VLBI Data Structures. The 5th IVS General Meeting Proceedings. 2008. P. 143\u2013152.<\/p>\n<p>5. Suvorkin V., Ilyin G., Kurdubov S. Comparison of zenith troposphere delayfrom different techniques [Electronic resource]. Institute of Applied Astronomyof RAS. St. Petersburg. URL: https:\/\/www.igs.org\/assets\/pdf\/IGSWS-2018-PS04-02.pdf. \u0414\u0430\u0442\u0430 \u043e\u0431\u0440\u0430\u0449\u0435\u043d\u0438\u044f: 21.08.19.<\/p>\n<p>6. Huang Liangke, Liu Lilong and Yao Chaolong A zenith tropospheric delay correction model based on the regional CORS network \/\/ Geodesy and Geodynamics. 2012. 3(4): 53-62. Doi:10.3724\/SP.J.1246.2012.00053.<\/p>\n<p>7. Petit G., Luzum B. (eds.). IERS Conventions 2010 \/\/ IERS Technical. Note 36.Frankfurt am Main: Verlag des Bundesamts f\u00fcr Kartographie und Geod\u00e4sie, 2010. 179 p. ISBN 3-89888-989-6.<\/p>\n<p>8. Ferrandiz J.M., Gross R.S., Escapa A., Getino J., Brzezinski A., Heinkelman R. Joint Working Group on Theory of Earth rotation and validation [Electronic re-source]. URL: https:\/\/syrte.obspm.fr\/astro\/journees2019\/journees_pdf\/Session-IV_2\/FERRANDIZ_JSR19_JWG_TERV.pdf. \u0414\u0430\u0442\u0430 \u043e\u0431\u0440\u0430\u0449\u0435\u043d\u0438\u044f: 25.10.2019.<\/p>\n<p>9. Thaller Dick and Daniela IERS Annual Report 2016 \/ edited by Wolfgang R. International Earth Rotation and Reference Systems Service, Central Bureau. Frankfurt am Main: Verlag des Bundesamts f\u00fcr Kartographie und Geod\u00e4sie, 2016. 195 p. ISBN 978-3-86482-130-1.<\/p>\n<p>10. \u0411\u0430\u0440\u044b\u0448\u043d\u0438\u043a\u043e\u0432 \u041c.\u0412., \u0411\u043b\u0438\u043d\u043e\u0432 \u0418.\u042e., \u0411\u043e\u043d\u0434\u0430\u0440\u0435\u0432 \u041d.\u041d., \u0411\u043e\u0440\u0438\u0441\u043e\u0432 \u0411.\u0410., \u0414\u043e\u043d\u0447\u0435\u043d\u043a\u043e \u0421.\u0418., \u041a\u043e\u043b\u044b\u0447\u0435\u0432 \u0410.\u041c., \u041d\u0435\u043a\u0440\u0430\u0441\u043e\u0432 \u042e.\u0412., \u041c\u0430\u0440\u0442\u044b\u043d\u043e\u0432 \u0421.\u0412., \u0421\u0430\u0434\u043e\u0432\u043d\u0438\u043a\u043e\u0432 \u041c.\u0410., \u0428\u0430\u0440\u0433\u043e\u0440\u043e\u0434\u0441\u043a\u0438\u0439 \u0412.\u0414. \u0420\u0435\u0437\u0443\u043b\u044c\u0442\u0430\u0442\u044b \u0438\u0441\u043f\u044b\u0442\u0430\u043d\u0438\u0439 \u0440\u043e\u0441\u0441\u0438\u0439\u0441\u043a\u043e\u0439 \u043b\u0430\u0437\u0435\u0440\u043d\u043e\u0439 \u0441\u0442\u0430\u043d\u0446\u0438\u0438\u043d\u043e\u0432\u043e\u0433\u043e \u043f\u043e\u043a\u043e\u043b\u0435\u043d\u0438\u044f \u00ab\u0422\u043e\u0447\u043a\u0430\u00bb \/\/ \u0422\u0435\u0437\u0438\u0441\u044b \u0432\u043e\u0441\u044c\u043c\u043e\u0439 \u0412\u0441\u0435\u0440\u043e\u0441\u0441\u0438\u0439\u0441\u043a\u043e\u0439 \u043a\u043e\u043d\u0444\u0435\u0440\u0435\u043d\u0446\u0438\u0438 \u00ab\u0424\u0443\u043d\u0434\u0430\u043c\u0435\u043d\u0442\u0430\u043b\u044c\u043d\u043e\u0435 \u043f\u0440\u0438\u043a\u043b\u0430\u0434\u043d\u043e\u0435 \u0438 \u043d\u0430\u0432\u0438\u0433\u0430\u0446\u0438\u043e\u043d\u043d\u043e\u0435 \u043e\u0431\u0435\u0441\u043f\u0435\u0447\u0435\u043d\u0438\u0435\u00bb (\u041a\u0412\u041d\u041e-2019). \u0421\u041f\u0431.: \u0418\u041f\u0410 \u0420\u0410\u041d, 2019. \u0421. 18.<\/p>\n<p>11. \u0418\u043f\u0430\u0442\u043e\u0432 \u0410.\u0412., \u0418\u0432\u0430\u043d\u043e\u0432 \u0414.\u0412. \u0421\u0435\u0442\u044c \u0440\u0430\u0434\u0438\u043e\u0442\u0435\u043b\u0435\u0441\u043a\u043e\u043f\u043e\u0432 \u0420\u0422-13 \u043a\u043e\u043c\u043f\u043b\u0435\u043a\u0441\u0430 \u00ab\u041a\u0432\u0430\u0437\u0430\u0440-\u041a\u0412\u041e\u00bb: \u043f\u0435\u0440\u0432\u044b\u0435 \u0440\u0435\u0437\u0443\u043b\u044c\u0442\u0430\u0442\u044b \/\/ \u0422\u0435\u0437\u0438\u0441\u044b \u0432\u043e\u0441\u044c\u043c\u043e\u0439 \u0412\u0441\u0435\u0440\u043e\u0441\u0441\u0438\u0439\u0441\u043a\u043e\u0439 \u043a\u043e\u043d\u0444\u0435\u0440\u0435\u043d\u0446\u0438\u0438 \u00ab\u0424\u0443\u043d\u0434\u0430\u043c\u0435\u043d\u0442\u0430\u043b\u044c\u043d\u043e\u0435 \u043f\u0440\u0438\u043a\u043b\u0430\u0434\u043d\u043e\u0435 \u0438 \u043d\u0430\u0432\u0438\u0433\u0430\u0446\u0438\u043e\u043d\u043d\u043e\u0435 \u043e\u0431\u0435\u0441\u043f\u0435\u0447\u0435\u043d\u0438\u0435\u00bb (\u041a\u0412\u041d\u041e-2019). \u0421\u041f\u0431.: \u0418\u041f\u0410 \u0420\u0410\u041d, 2019. \u0421. 15.<\/p>\n<p>12. \u041f\u0430\u0441\u044b\u043d\u043e\u043a \u0421.\u041b., \u0411\u0435\u0437\u043c\u0435\u043d\u043e\u0432 \u0418.\u0412., \u0418\u0433\u043d\u0430\u0442\u0435\u043d\u043a\u043e \u0418.\u042e., \u0426\u044b\u0431\u0430 \u0415.\u041d., \u0416\u0430\u0440\u043e\u0432 \u0412.\u0415. \u041e\u043f\u0440\u0435\u0434\u0435\u043b\u0435\u043d\u0438\u0435 \u041f\u0412\u0417 \u0438 \u0441\u043e\u0432\u0435\u0440\u0448\u0435\u043d\u0441\u0442\u0432\u043e\u0432\u0430\u043d\u0438\u0435 \u0430\u043f\u043f\u0430\u0440\u0430\u0442\u043d\u043e-\u043f\u0440\u043e\u0433\u0440\u0430\u043c\u043c\u043d\u044b\u0445 \u0441\u0440\u0435\u0434\u0441\u0442\u0432 \u0432 \u0413\u041c\u0426 \u0413\u0421\u0412\u0427 \/\/ \u0422\u0440\u0443\u0434\u044b \u0418\u041f\u0410 \u0420\u0410\u041d. \u0421\u041f\u0431.: \u0418\u041f\u0410 \u0420\u0410\u041d, 2019 (\u0432 \u043f\u0435\u0447\u0430\u0442\u0438).<\/p>\n<p>13. \u0411\u0435\u0437\u043c\u0435\u043d\u043e\u0432 \u0418.\u0412. \u0412\u044b\u0447\u0438\u0441\u043b\u0435\u043d\u0438\u0435 \u0432 \u0413\u041c\u0426 \u0413\u0421\u0412\u0427 \u043e\u0440\u0431\u0438\u0442 \u0438 \u043f\u043e\u043f\u0440\u0430\u0432\u043e\u043a \u0447\u0430\u0441\u043e\u0432 \u041a\u0410\u0413\u041d\u0421\u0421 \u0432 \u043e\u043f\u0435\u0440\u0430\u0442\u0438\u0432\u043d\u043e\u043c \u0440\u0435\u0436\u0438\u043c\u0435 \u043f\u043e \u0434\u0430\u043d\u043d\u044b\u043c \u0438\u0437\u043c\u0435\u0440\u0435\u043d\u0438\u0439 \/\/ \u041c\u0430\u0442\u0435\u0440\u0438\u0430\u043b\u044b IX \u041c\u0435\u0436\u0434\u0443\u043d\u0430\u0440\u043e\u0434\u043d\u043e\u0433\u043e \u0441\u0438\u043c\u043f\u043e\u0437\u0438\u0443\u043c\u0430 \u00ab\u041c\u0435\u0442\u0440\u043e\u043b\u043e\u0433\u0438\u044f \u0432\u0440\u0435\u043c\u0435\u043d\u0438 \u0438 \u043f\u0440\u043e\u0441\u0442\u0440\u0430\u043d\u0441\u0442\u0432\u0430\u00bb. \u041c\u0435\u043d\u0434\u0435\u043b\u0435\u0435\u0432\u043e: \u0424\u0413\u0423\u041f \u00ab\u0412\u041d\u0418\u0418\u0424\u0422\u0420\u0418\u00bb, 2018. \u0421. 206\u2013210.<\/p>\n<p>14. \u0412\u0430\u0441\u0438\u043b\u044c\u0435\u0432 \u0412.\u041f., \u0428\u0430\u0440\u0433\u043e\u0440\u043e\u0434\u0441\u043a\u0438\u0439 \u0412.\u0414. \u0421\u043e\u0432\u0440\u0435\u043c\u0435\u043d\u043d\u043e\u0435 \u0441\u043e\u0441\u0442\u043e\u044f\u043d\u0438\u0435 \u0432\u044b\u0441\u043e\u043a\u043e\u0442\u043e\u0447\u043d\u043e\u0439 \u0441\u043f\u0443\u0442\u043d\u0438\u043a\u043e\u0432\u043e\u0439 \u043b\u0430\u0437\u0435\u0440\u043d\u043e\u0439 \u0434\u0430\u043b\u044c\u043d\u043e\u043c\u0435\u0442\u0440\u0438\u0438 \u0432 \u0420\u043e\u0441\u0441\u0438\u0438 \/\/ \u0424\u043e\u0442\u043e\u043d\u0438\u043a\u0430. 2017. \u2116 6. \u0421. 74\u201385. DOI: 10.22184\/1993-7296.2017.66.6.74.85.<\/p>\n<p>15. Tcyba E., Volkova O. Determination of Earth Orientation Parameters by SLRin MMC SSTF FSUE VNIIFTRI \/\/ Proceedings of the Journees 2019 \u00abAstrometry, Earth Rotation and Reference systems in the Gaia era\u00bb, (\u0432 \u043f\u0435\u0447\u0430\u0442\u0438).<\/p>\n<p>16. Brattseva O., Gayazov I., Kurdubov S., Suvorkin V. SINCom \u2014 the new program package for combined processing of space geodetic observations \/\/ Proceedings of the Journ\u00e9es 2014 \u00abSyst\u00e8mes de R\u00e9f\u00e9rence Spatio-Temporels\u00bb. Malkin and N. Capitaine (eds). Pulkovo observatory. 2015. P. 250\u2013251.<\/p>\n<p><strong>\u0421\u0442\u0430\u0442\u044c\u044f \u0432 \u041d\u0430\u0443\u0447\u043d\u043e\u0439 \u044d\u043b\u0435\u043a\u0442\u0440\u043e\u043d\u043d\u043e\u0439 \u0431\u0438\u0431\u043b\u0438\u043e\u0442\u0435\u043a\u0435 <a href=\"https:\/\/elibrary.ru\/item.asp?id=43871747\">eLIBRARY<\/a>.<br \/>\u041e\u0444\u043e\u0440\u043c\u0438\u0442\u044c \u043f\u043e\u0434\u043f\u0438\u0441\u043a\u0443 \u0438 \u043a\u0443\u043f\u0438\u0442\u044c\u00a0<a href=\"https:\/\/asm.vniiftri.ru\/?page_id=38\">\u043f\u0435\u0447\u0430\u0442\u043d\u044b\u0435 \u043d\u043e\u043c\u0435\u0440\u0430\u00a0\u0436\u0443\u0440\u043d\u0430\u043b\u0430<\/a>\u00a0\u0443 \u0438\u0437\u0434\u0430\u0442\u0435\u043b\u044f.<\/strong><\/p>","protected":false},"excerpt":{"rendered":"<p>\u0421.\u041b. \u041f\u0430\u0441\u044b\u043d\u043e\u043a \u0424\u0413\u0423\u041f \u00ab\u0412\u041d\u0418\u0418\u0424\u0422\u0420\u0418\u00bb, \u041c\u0435\u043d\u0434\u0435\u043b\u0435\u0435\u0432\u043e, \u041c\u043e\u0441\u043a\u043e\u0432\u0441\u043a\u0430\u044f \u043e\u0431\u043b.pasynok@vniiftri.ru \u00ab\u0410\u043b\u044c\u043c\u0430\u043d\u0430\u0445 \u0441\u043e\u0432\u0440\u0435\u043c\u0435\u043d\u043d\u043e\u0439 \u043c\u0435\u0442\u0440\u043e\u043b\u043e\u0433\u0438\u0438\u00bb \u2116 1 (21) 2020, \u0441\u0442\u0440. 101\u2013115 \u0421\u0442\u0430\u0442\u044c\u044f \u0432 \u043f\u043e\u043b\u043d\u043e\u043c \u043e\u0431\u044a\u0435\u043c\u0435 (PDF) \u0423\u0414\u041a 521.3 + 521.92&nbsp; \u0412 \u0420\u043e\u0441\u0441\u0438\u0438 \u043e\u0431\u044f\u0437\u0430\u043d\u043d\u043e\u0441\u0442\u044c \u043f\u043e \u0444\u043e\u0440\u043c\u0438\u0440\u043e\u0432\u0430\u043d\u0438\u044e \u0438 \u0432\u044b\u0434\u0430\u0447\u0435 (\u043e\u043f\u043e\u0440\u043d\u044b\u0445) \u0434\u0430\u043d\u043d\u044b\u0445 \u043e \u043f\u0430\u0440\u0430\u043c\u0435\u0442\u0440\u0430\u0445 \u0432\u0440\u0430\u0449\u0435\u043d\u0438\u044f \u0417\u0435\u043c\u043b\u0438, \u0441\u043e\u0433\u043b\u0430\u0441\u043d\u043e \u041f\u043e\u0441\u0442\u0430\u043d\u043e\u0432\u043b\u0435\u043d\u0438\u044f\u043c \u041f\u0440\u0430\u0432\u0438\u0442\u0435\u043b\u044c\u0441\u0442\u0432\u0430 \u0420\u0424 \u2116 225 \u0438 323, \u0432\u043e\u0437\u043b\u043e\u0436\u0435\u043d\u0430 \u043d\u0430 \u0413\u043b\u0430\u0432\u043d\u044b\u0439 \u043c\u0435\u0442\u0440\u043e\u043b\u043e\u0433\u0438\u0447\u0435\u0441\u043a\u0438\u0439 \u0446\u0435\u043d\u0442\u0440 \u0413\u043e\u0441\u0443\u0434\u0430\u0440\u0441\u0442\u0432\u0435\u043d\u043d\u043e\u0439 \u0441\u043b\u0443\u0436\u0431\u044b \u0432\u0440\u0435\u043c\u0435\u043d\u0438, \u0447\u0430\u0441\u0442\u043e\u0442\u044b [&hellip;]<\/p>\n","protected":false},"author":4,"featured_media":0,"parent":4024,"menu_order":0,"comment_status":"closed","ping_status":"closed","template":"","meta":[],"_links":{"self":[{"href":"https:\/\/asm.vniiftri.ru\/index.php?rest_route=\/wp\/v2\/pages\/4077"}],"collection":[{"href":"https:\/\/asm.vniiftri.ru\/index.php?rest_route=\/wp\/v2\/pages"}],"about":[{"href":"https:\/\/asm.vniiftri.ru\/index.php?rest_route=\/wp\/v2\/types\/page"}],"author":[{"embeddable":true,"href":"https:\/\/asm.vniiftri.ru\/index.php?rest_route=\/wp\/v2\/users\/4"}],"replies":[{"embeddable":true,"href":"https:\/\/asm.vniiftri.ru\/index.php?rest_route=%2Fwp%2Fv2%2Fcomments&post=4077"}],"version-history":[{"count":9,"href":"https:\/\/asm.vniiftri.ru\/index.php?rest_route=\/wp\/v2\/pages\/4077\/revisions"}],"predecessor-version":[{"id":11642,"href":"https:\/\/asm.vniiftri.ru\/index.php?rest_route=\/wp\/v2\/pages\/4077\/revisions\/11642"}],"up":[{"embeddable":true,"href":"https:\/\/asm.vniiftri.ru\/index.php?rest_route=\/wp\/v2\/pages\/4024"}],"wp:attachment":[{"href":"https:\/\/asm.vniiftri.ru\/index.php?rest_route=%2Fwp%2Fv2%2Fmedia&parent=4077"}],"curies":[{"name":"wp","href":"https:\/\/api.w.org\/{rel}","templated":true}]}}